{"id":186,"date":"2023-12-12T11:03:01","date_gmt":"2023-12-12T11:03:01","guid":{"rendered":"http:\/\/www.megasilikon.com\/?page_id=186"},"modified":"2025-03-07T13:52:46","modified_gmt":"2025-03-07T13:52:46","slug":"iletisim","status":"publish","type":"page","link":"http:\/\/www.megasilikon.com\/?page_id=186","title":{"rendered":"\u0130LET\u0130\u015e\u0130M"},"content":{"rendered":"\n<p class=\"has-text-align-center has-medium-font-size\"><strong>Whatsapp \u00fczerinden ileti\u015fime ge\u00e7ebilirsiniz.<\/strong><\/p>\n\n\n\n<p class=\"has-text-align-center has-medium-font-size\"><strong>Whatsapp: +90 (0532) 294 76 10<\/strong><\/p>\n\n\n\n<p class=\"has-text-align-center has-medium-font-size\"><strong>Mail: basilhamii@gmail.com<\/strong><\/p>\n\n\n\n<p class=\"has-text-align-center has-medium-font-size\"><strong>\u0130kitelli OSB Aykosan Sanayi Sitesi Ba\u015fak\u015fehir\/\u0130stanbul<\/strong><\/p>\n\n\n\n<p><\/p>\n","protected":false},"excerpt":{"rendered":"<p>Whatsapp \u00fczerinden ileti\u015fime ge\u00e7ebilirsiniz. Whatsapp: +90 (0532) 294 76 10 Mail: basilhamii@gmail.com \u0130kitelli OSB Aykosan Sanayi Sitesi Ba\u015fak\u015fehir\/\u0130stanbul<\/p>\n","protected":false},"author":1,"featured_media":0,"parent":0,"menu_order":0,"comment_status":"closed","ping_status":"closed","template":"","meta":{"footnotes":""},"class_list":["post-186","page","type-page","status-publish","hentry"],"_links":{"self":[{"href":"http:\/\/www.megasilikon.com\/index.php?rest_route=\/wp\/v2\/pages\/186","targetHints":{"allow":["GET"]}}],"collection":[{"href":"http:\/\/www.megasilikon.com\/index.php?rest_route=\/wp\/v2\/pages"}],"about":[{"href":"http:\/\/www.megasilikon.com\/index.php?rest_route=\/wp\/v2\/types\/page"}],"author":[{"embeddable":true,"href":"http:\/\/www.megasilikon.com\/index.php?rest_route=\/wp\/v2\/users\/1"}],"replies":[{"embeddable":true,"href":"http:\/\/www.megasilikon.com\/index.php?rest_route=%2Fwp%2Fv2%2Fcomments&post=186"}],"version-history":[{"count":9,"href":"http:\/\/www.megasilikon.com\/index.php?rest_route=\/wp\/v2\/pages\/186\/revisions"}],"predecessor-version":[{"id":210,"href":"http:\/\/www.megasilikon.com\/index.php?rest_route=\/wp\/v2\/pages\/186\/revisions\/210"}],"wp:attachment":[{"href":"http:\/\/www.megasilikon.com\/index.php?rest_route=%2Fwp%2Fv2%2Fmedia&parent=186"}],"curies":[{"name":"wp","href":"https:\/\/api.w.org\/{rel}","templated":true}]}}