{"id":16,"date":"2023-12-11T14:58:15","date_gmt":"2023-12-11T14:58:15","guid":{"rendered":"http:\/\/www.megasilikon.com\/?page_id=16"},"modified":"2025-04-30T06:34:31","modified_gmt":"2025-04-30T06:34:31","slug":"mesmerize","status":"publish","type":"page","link":"http:\/\/www.megasilikon.com\/","title":{"rendered":"Front Page"},"content":{"rendered":"<div  id=\"overlappable-4\" style=\"background-color: rgb(255, 255, 255); background-image: none;\" data-label=\"Overlappable\" data-id=\"overlappable-4\" data-export-id=\"overlappable-4\" data-category=\"overlappable\" class=\"overlappable-4 content-section content-section-spacing\" data-overlap=\"true\"><div  class=\"gridContainer\"> <div  data-type=\"row\" class=\"row spaced-cols text-center\"><div  class=\"col-xs-12 col-sm-4 col-padding\"> <i  class=\"fa icon shadow-large-black aligncenter color1 fa-check reverse round large\"><\/i> <div  data-type=\"column\" class=\"\"> <h5  class=\"\">RAW MATERIALS %100 SILICONE\n<br >%100 S\u0130L\u0130KON<\/h5> <\/div> <\/div> <div  class=\"col-xs-12 col-sm-4 col-padding\"> <i  class=\"fa icon fa-cogs large shadow-large-black round aligncenter reverse color1\"><\/i> <div  data-type=\"column\" class=\"\"><h5  class=\"\">PERSONALIZED DESIGN\n<br >K\u0130\u015e\u0130YE \u00d6ZEL TASARIM<\/h5> <\/div> <\/div> <div  class=\"col-xs-12 col-sm-4 col-padding\"> <i  class=\"fa icon fa-magic large shadow-large-black round aligncenter reverse color1\"><\/i> <div  data-type=\"column\" class=\"\"><h5  class=\"\">SINCE 1988..<br >1988\u2019DAN G\u00dcM\u00dcZE..<\/h5> <\/div> <\/div><\/div> <\/div><\/div><div  id=\"about-1\" style=\"background-color: #f5fafd;\" data-label=\"About\" data-id=\"about-1\" data-export-id=\"about-1\" data-category=\"about\" class=\"about-1 content-section\"><div  class=\"gridContainer\"> <div  class=\"row text-center\"><div  class=\"section-title-col\" data-type=\"column\"> <h5  class=\"\">K\u0130\u015e\u0130YE \u00d6ZEL S\u0130L\u0130KON KALIP<\/h5> <h2  class=\"\">3D Tasar\u0131m ve silikon kal\u0131plama i\u015flemleri <span  href=\"#\" style=\"font-weight: 700; font-family: Playfair Display,sans-serif; font-style: italic;\">\u201csadece size \u00f6zel\u201d <\/span>olarak tasarlan\u0131r.<\/h2> <p  class=\"lead\">Modelinizin 3D Tasar\u0131m bask\u0131s\u0131n\u0131 veya elinizde modelin mevcut olmas\u0131 durumunda, modelinizi bizlere ula\u015ft\u0131rman\u0131z yeterli olacakt\u0131r. Dikkat edilmesi gereken en \u00f6nemli unsur modelin istenildi\u011fi d\u00fczeyde parlak ve p\u00fcr\u00fczs\u00fcz olmas\u0131d\u0131r.\n<br >If you have a 3D design print of your model or the model in hand, it will be sufficient to send your model to us. The most important factor to consider is that the model is bright and smooth at the desired level.<\/p><\/div> <\/div> <div  class=\"row\"> <div  class=\"button-holder space-bottom space-bottom-small\" data-type=\"column\"> <a  class=\"button color1\" href=\"http:\/\/www.megasilikon.com?page_id=186\" target=\"_blank\" data-cp-link=\"1\" rel=\"noopener\">\u00d6ZEL KALIP \u0130\u00c7\u0130N TIKLA<\/a><\/div> <div  class=\"col-xs bottom-xs flexbox image-group-bottom-3-img space-bottom-xs center-xs\"> <img  decoding=\"async\" class=\"left-img shadow-large-black\" data-size=\"500x300\" src=\"http:\/\/www.megasilikon.com\/wp-content\/uploads\/2023\/12\/cropped-technology-equipment-blue-laboratory-generated-by-ai-scaled-1.jpg\" title=\"Technology and equipment in a blue laboratory generated by AI\" alt=\"3D TASARIM\"> <img  decoding=\"async\" class=\"center-img shadow-large-black\" data-size=\"500x300\" src=\"http:\/\/www.megasilikon.com\/wp-content\/uploads\/2023\/12\/cropped-lifestyle-designer-using-3d-printer-scaled-1.jpg\" title=\"lifestyle-designer-using-3d-printer\" alt=\"3D TASARIM\"> <img  decoding=\"async\" class=\"right-img shadow-large-black\" data-size=\"500x300\" src=\"http:\/\/www.megasilikon.com\/wp-content\/uploads\/2023\/12\/cropped-3D-TASARIM.png\" title=\"cropped-3D-TASARIM.png\" alt=\"\"><\/div> <\/div><\/div> <\/div><div  id=\"features-3\" style=\"background-color: #ffffff;\" data-label=\"Features\" data-id=\"features-12-card-bordered\" data-export-id=\"features-12-card-bordered\" data-category=\"features\" class=\"features-12-card-bordered content-section content-section-spacing \"><div  class=\"gridContainer\"> <div  class=\"row text-center\"><div  class=\"section-title-col\" data-type=\"column\"> <h2  class=\"\">Kal\u0131p Tasar\u0131m Planlama S\u00fcreci<\/h2> <p  class=\"lead\">Modeliniz elinizde mevcutsa 3D Tasar\u0131ma gerek yoktur. Fakat elinizde olmayan bir model ise bizlere \u00fcr\u00fcn\u00fcn \u00e7izim veya g\u00f6rsel halini ula\u015ft\u0131rabilir ve \u00fcr\u00fcn tasar\u0131m planlamas\u0131 hakk\u0131nda bilgi alabilirsiniz.\n<br >If you have your model, there is no need for 3D Design. However, if you do not have a model, you can send us a drawing or visual version of the product and get information about product design planning.<\/p><\/div> <\/div> <div  class=\"row spaced-cols\" data-type=\"row\"> <div  class=\"col-sm-6\"> <div  class=\"card row-card bordered y-move\"> <div  class=\"row\"> <div  class=\"col-sm-fit icon-column\"> <i  class=\"fa icon fa-connectdevelop round bordered color2\"><\/i> <\/div> <div  class=\"col-sm\" data-type=\"column\"> <h5  class=\"color2\">1.MODEL\u0130N KEND\u0130S\u0130 VEYA 3D TASARIM \u00c7IKTISI<\/h5> <p  class=\"\">3D Tasar\u0131m \u00e7\u0131kt\u0131s\u0131n\u0131 istedi\u011finiz bir firmayla veya bizlerin y\u00f6nlendirece\u011fi anla\u015fmal\u0131 oldu\u011fumuz 3D firmas\u0131yla tasarlayabilirsiniz. \u00dcr\u00fcn elinizde var ise tasar\u0131ma gerek yoktur.<\/p><\/div> <\/div><\/div> <\/div> <div  class=\"col-sm-6\"> <div  class=\"card row-card bordered y-move\"> <div  class=\"row\"> <div  class=\"col-sm-fit icon-column\"> <a  data-cp-link=\"1\" href=\"#\" target=\"_self\" rel=\"noopener\"><i  class=\"fa icon color2 fa-cube bordered round\"><\/i><\/a> <\/div> <div  class=\"col-sm\" data-type=\"column\"> <h5  class=\"color2\">2.\u00dcR\u00dcN\u00dcN B\u0130ZE ULA\u015eTIRILMASI<\/h5> <p  class=\"\">3D Tasar\u0131m \u00e7\u0131kt\u0131s\u0131 veya elinizdeki haz\u0131r modeli bizlere ula\u015ft\u0131rman\u0131z gerekmektedir. Modelinizin zarar g\u00f6rmemesi i\u00e7in l\u00fctfen \u00fcr\u00fcn\u00fcn\u00fcz\u00fc g\u00fcvenli bir \u015fekilde paketleyiniz.<\/p><\/div> <\/div><\/div> <\/div> <div  class=\"col-sm-6\"> <div  class=\"card row-card bordered y-move\"> <div  class=\"row\"> <div  class=\"col-sm-fit icon-column\"> <i  class=\"fa icon color2 fa-codepen bordered round\"><\/i> <\/div> <div  class=\"col-sm\" data-type=\"column\"> <h5  class=\"color2\">3.S\u0130L\u0130KON KALIP S\u00dcREC\u0130<\/h5> <p  class=\"\">Bizlere ula\u015fan modelin, sizlerin kullan\u0131m alan\u0131na g\u00f6re en do\u011fru ve kolay kullan\u0131m olmas\u0131 i\u00e7in sizlerle bilgi al\u0131\u015fveri\u015fi yap\u0131yoruz. Geri bildirimler dikkate al\u0131narak kal\u0131plama i\u015flemi yap\u0131l\u0131r.<\/p><\/div> <\/div><\/div> <\/div> <div  class=\"col-sm-6\"> <div  class=\"card row-card bordered y-move\"> <div  class=\"row\"> <div  class=\"col-sm-fit icon-column\"> <i  class=\"fa icon color2 fa-cubes bordered round\"><\/i> <\/div> <div  class=\"col-sm\" data-type=\"column\"> <h5  class=\"color2\">4.S\u0130L\u0130KON KALIBIN VE MODEL\u0130N G\u00d6NDER\u0130M\u0130<\/h5> <p  class=\"\">Planlama s\u00fcreci tamamlanan silikon kal\u0131p ve modelinizin g\u00f6nderimini g\u00fcvenli bir \u015fekilde paketleyerek g\u00f6nderim sa\u011fl\u0131yoruz.<\/p><\/div> <\/div><\/div> <\/div><\/div> <\/div><\/div><div  id=\"content-13\" style=\"background-color: #f5fafd;\" data-label=\"Content\" data-id=\"content-2\" data-export-id=\"content-2\" data-category=\"content\" class=\"content-2 content-section content-section-spacing\"><div > <div  class=\"row middle-xs\"><div  class=\"col-sm-5 bg-image shadow-large-black\" data-bg=\"image\" style=\"background-image: url(&quot;http:\/\/www.megasilikon.com\/wp-content\/uploads\/2023\/12\/cropped-ESSANCE.png&quot;);\"><\/div> <div  class=\"col-sm-7 full-col-left-padding full-col-right-padding\"> <div  class=\"row\"> <div  data-type=\"column\" class=\"space-bottom-small content-title-col\"> <h5  class=\"\">ESSENCE TYPES<\/h5> <h2  class=\"\">Esans \u00c7e\u015fitleri<\/h2> <p  class=\"\">You can add essence to your products during the production process of Candle, Soap, Scented Stone and Concrete. \n<br >Mum, Sabun, Kokulu Ta\u015f, Beton \u00fcretim s\u00fcrecinde \u00fcr\u00fcnlerinize esans ekleyebilirsiniz.<\/p><\/div> <\/div> <div  class=\"row spaced-cols \" data-type=\"row\"> <div  class=\"col-xs-6\" data-type=\"column\"> <h5  class=\"\">AMOR\n<br >\u00c7\u0130\u00c7EK SEPET\u0130\n<br >\u00c7\u0130LEK\n<br >FEMME\n<br >GUAYABA\n<br >G\u00dcL\n<br >KAVUN\n<br >LAVANTA\n<br >LEYLAK\n<br >L\u0130MON\n<br >MANGO\n<br >MENEK\u015eE\n<br >OKYANUS\n<br >SOFT\n<br >VAN\u0130LYA<\/h5> <\/div> <div  class=\"col-xs-6\" data-type=\"column\"><h5  class=\"\">AMOR<br >FLOWER BASKET<br >STRAWBERRY<br >FEMME<br >GUAYABA<br >ROSE<br >MELON<br >LAVENDER<br >LILAC<br >LEMON<br >MANGO<br >VIOLET<br >OCEAN<br >SOFT<br >VANILLA<\/h5> <\/div>   <\/div><\/div> <\/div><\/div> <\/div><div  id=\"content-14\" style=\"background-color: #ffffff;\" data-label=\"Content\" data-id=\"content-3\" data-export-id=\"content-3\" data-category=\"content\" class=\"content-3 content-section content-section-spacing\"><div > <div  class=\"row middle-xs\"><div  class=\"col-sm-7 full-col-left-padding full-col-right-padding\"> <div  class=\"row\"><div  data-type=\"column\" class=\"space-bottom-small content-title-col\"> <h5  class=\"\">PAINT TYPES<\/h5> <h2  class=\"\">Boya \u00c7e\u015fitleri<\/h2> <p  class=\"\">You can add dye to your products during the production process of Soap, Scented Stone and Concrete.\n<br >Sabun, Kokulu Ta\u015f, Beton \u00fcretim s\u00fcrecinde \u00fcr\u00fcnlerinize boya ekleyebilirsiniz.<\/p><\/div> <\/div> <div  class=\"row spaced-cols\" data-type=\"row\"> <div  class=\"col-xs-6\" data-type=\"column\"> <h5  class=\"\">KIRMIZI\n<br >MAV\u0130\n<br >MOR\n<br >KAHVE\n<br >PEMBE\n<br >SARI\n<br >S\u0130YAH\n<br >TURKUAZ\n<br >TURUNCU\n<br >YE\u015e\u0130L<\/h5> <\/div> <div  class=\"col-xs-6\" data-type=\"column\"><h5  class=\"\">RED<br >BLUE<br >PURPLE<br >COFFEE<br >PINK<br >YELLOW<br >BLACK<br >TURQUOISE<br >ORANGE<br >GREEN<\/h5> <\/div>   <\/div><\/div> <div  class=\"col-sm-5 bg-image shadow-large-black revert-classes-holder\" data-bg=\"image\" style=\"background-image: url(&quot;http:\/\/www.megasilikon.com\/wp-content\/uploads\/2023\/12\/cropped-cropped-PAINT.png&quot;);\"><\/div><\/div> <\/div><\/div><div  data-label=\"Counters\" data-id=\"counters--2\" data-export-id=\"counters-2\" data-category=\"counters\" class=\"counters-2 content-section content-section-spacing\" id=\"counters-2\" style=\"background-color: rgb(245, 250, 253);\"><div  class=\"gridContainer\"> <div  class=\"row text-center\"><div  class=\"section-title-col\" data-type=\"column\"> <h2  class=\"\">Projeler<\/h2> <p  class=\"lead\">Modelini geli\u015ftirdi\u011fimiz ve planlama s\u00fcrecini tamamlad\u0131\u011f\u0131m\u0131z bir \u00e7ok model ile sizlere daha iyi kalitede hizmet verebilmek i\u00e7in kendimizi her ge\u00e7en g\u00fcn geli\u015ftiriyor ve yeniliyoruz..<\/p><\/div> <\/div> <div  class=\"row\" data-type=\"row\"> <div  class=\"col-xs-12 col-sm-4 text-center space-bottom\"> <i  class=\"fa fa-envira icon color1\"><\/i> <h3  class=\"font-400\" data-min=\"0\" data-max=\"98\" data-duration=\"2000\" data-prefix=\"\" data-suffix=\"%\" data-countup=\"true\" style=\"display: inline-block;\"><\/h3> <h5  class=\"upper color2\">Tasar\u0131m &amp; kullan\u0131m<\/h5><\/div> <div  class=\"col-xs-12 col-sm-4 text-center space-bottom\"><i  class=\"fa fa-smile-o icon color1\"><\/i> <h3  class=\"font-400\" data-min=\"10000\" data-max=\"15000\" data-duration=\"2000\" data-prefix=\"\" data-suffix=\"+\" data-countup=\"true\" style=\"display: inline-block;\"><\/h3> <h5  class=\"upper color2\">memnuniyet<\/h5><\/div> <div  class=\"col-xs-12 col-sm-4 text-center space-bottom\"><i  class=\"fa fa-trophy icon color1\"><\/i> <h3  class=\"font-400\" data-min=\"0\" data-max=\"8500\" data-duration=\"2000\" data-prefix=\"\" data-suffix=\"+\" data-countup=\"true\" style=\"display: inline-block;\"><\/h3> <h5  class=\"upper color2\">tamamlanan proje<\/h5><\/div> <\/div><\/div> <\/div><div  data-label=\"Clients\" data-id=\"clients--1\" data-export-id=\"clients-1\" data-category=\"clients\" class=\"clients-1 content-section content-section-spacing\" id=\"clients-1\" style=\"background-color: rgb(255, 255, 255); background-image: none;\"><div  class=\"gridContainer\"> <div  class=\"row middle-sm\"><div  data-type=\"column\" class=\"col-sm-6 space-bottom-xs\"> <h2  class=\"font-700\">References<\/h2> <p  class=\"lead\">Birlikte \u00e7al\u0131\u015fma ve \u00e7\u00f6z\u00fcm \u00fcretme f\u0131rsat\u0131 buldu\u011fumuz i\u015f ortaklar\u0131m\u0131zdan baz\u0131lar\u0131\u2026<br >Some of our business partners with whom we had the opportunity to work together and produce solutions\u2026<\/p><\/div> <div  class=\"col-sm-6\"><div  data-type=\"row\" class=\"row spaced-cols center-xs padding-lr\"> <div  class=\"col-xs-3\"> <img  decoding=\"async\" src=\"http:\/\/www.megasilikon.com\/wp-content\/uploads\/2023\/12\/cropped-balmy.png\" class=\"desaturate\" title=\"BALMY A.\u015e.\" alt=\"BALMY\"><\/div> <div  class=\"col-xs-3\"> <img  decoding=\"async\" src=\"http:\/\/www.megasilikon.com\/wp-content\/uploads\/2023\/12\/500-500-horizon-logo.png\" class=\"desaturate\" title=\"MIR LIGHT K\u0130MYA A.\u015e.\" alt=\"MIR LIGHT K\u0130MYA A.\u015e.\"><\/div> <div  class=\"col-xs-3\"> <img  decoding=\"async\" src=\"http:\/\/www.megasilikon.com\/wp-content\/uploads\/2023\/12\/cropped-MERCEDES-e1702376165381.png\" class=\"desaturate\" title=\"MERCEDES-BENZ\" alt=\"MERCEDES-BENZ\"><\/div> <div  class=\"col-xs-3\"> <img  decoding=\"async\" src=\"http:\/\/www.megasilikon.com\/wp-content\/uploads\/2023\/12\/images-2.png\" class=\"desaturate\" title=\"ABS AL\u00c7I\" alt=\"ABS AL\u00c7I\"><\/div> <div  class=\"col-xs-3\"> <img  decoding=\"async\" src=\"http:\/\/www.megasilikon.com\/wp-content\/uploads\/2023\/12\/COSMOLIVE-1.png\" class=\"desaturate\" title=\"COSMOLIVE KOZMET\u0130K\" alt=\"\"><\/div><div  class=\"col-xs-3\"> <img  decoding=\"async\" src=\"http:\/\/www.megasilikon.com\/wp-content\/uploads\/2023\/12\/images-1.jpg\" class=\"desaturate\" title=\"BARK\u0130M YAPI K\u0130MYA\" alt=\"BARK\u0130M YAPI K\u0130MYA\"><\/div><div  class=\"col-xs-3\"> <img  decoding=\"async\" src=\"http:\/\/www.megasilikon.com\/wp-content\/uploads\/2023\/12\/BANDIDO.png\" class=\"desaturate\" title=\"BAND\u0130DO KOZMET\u0130K A.\u015e.\" alt=\"BAND\u0130DO KOZMET\u0130K A.\u015e.\"><\/div><div  class=\"col-xs-3\"> <img  decoding=\"async\" src=\"http:\/\/www.megasilikon.com\/wp-content\/uploads\/2023\/12\/ZEYCE.png\" class=\"desaturate\" title=\"ZEYCE KOZMET\u0130K\" alt=\"\"><\/div><div  class=\"col-xs-3\"> <img  decoding=\"async\" src=\"http:\/\/www.megasilikon.com\/wp-content\/uploads\/2023\/12\/SAMATLI.png\" class=\"desaturate\" title=\"SAMATLI OYUNCAK A.\u015e.\" alt=\"SAMATLI OYUNCAK A.\u015e.\"><\/div><div  class=\"col-xs-3\"> <img  decoding=\"async\" src=\"http:\/\/www.megasilikon.com\/wp-content\/uploads\/2023\/12\/EAR-TEKNIK.png\" class=\"desaturate\" title=\"EAR TEKN\u0130K \u0130\u015e\u0130TME\" alt=\"\"><\/div><div  class=\"col-xs-3\"> <img  decoding=\"async\" src=\"http:\/\/www.megasilikon.com\/wp-content\/uploads\/2023\/12\/ELIT-PHARMA-KOZMETIK.png\" class=\"desaturate\" title=\"EL\u0130T PHARMA KOZMET\u0130K\" alt=\"\"><\/div><div  class=\"col-xs-3\"> <img  decoding=\"async\" src=\"http:\/\/www.megasilikon.com\/wp-content\/uploads\/2023\/12\/ESTAQUA-NATURAL-KOZMETIK.png\" class=\"desaturate\" title=\"ESTAQUA NATURAL KOZMET\u0130K\" alt=\"\"><\/div><\/div><\/div> <\/div><\/div> <\/div><div  id=\"cta-1\" data-label=\"Cta\" data-id=\"cta-blue-section\" data-export-id=\"cta-blue-section\" data-category=\"cta\" class=\"cta-blue-section content-section content-section-spacing-medium bg-color1 white-text\"><div  class=\"gridContainer\"> <div  class=\"row middle-xs\"><div  class=\"col-sm-8 space-bottom-xs\" data-type=\"column\"> <h2  class=\"\">\u00c7ift Tarafl\u0131 Kal\u0131p!&nbsp;<span  class=\"font-300\">Modelleme &amp; Tasar\u0131m&nbsp;<\/span><\/h2> <\/div> <div  class=\"col-sm-4 end-sm\" data-type=\"column\"> <a  class=\"button color2\" href=\"http:\/\/www.megasilikon.com?page_id=186\" target=\"_blank\" data-cp-link=\"1\" rel=\"noopener\">HEMEN TIKLA<\/a><\/div> <\/div><\/div> <\/div>","protected":false},"excerpt":{"rendered":"<p>RAW MATERIALS %100 SILICONE %100 S\u0130L\u0130KON PERSONALIZED DESIGN K\u0130\u015e\u0130YE \u00d6ZEL TASARIM SINCE 1988..1988\u2019DAN G\u00dcM\u00dcZE.. K\u0130\u015e\u0130YE \u00d6ZEL S\u0130L\u0130KON KALIP 3D Tasar\u0131m ve silikon kal\u0131plama i\u015flemleri \u201csadece size \u00f6zel\u201d olarak tasarlan\u0131r. Modelinizin 3D Tasar\u0131m bask\u0131s\u0131n\u0131 veya elinizde modelin mevcut olmas\u0131 durumunda, modelinizi bizlere ula\u015ft\u0131rman\u0131z yeterli olacakt\u0131r. Dikkat edilmesi gereken en \u00f6nemli unsur modelin istenildi\u011fi d\u00fczeyde parlak ve&hellip; <br \/> <a class=\"read-more\" href=\"http:\/\/www.megasilikon.com\/\">Devam\u0131<\/a><\/p>\n","protected":false},"author":1,"featured_media":0,"parent":0,"menu_order":0,"comment_status":"closed","ping_status":"closed","template":"page-templates\/homepage.php","meta":{"footnotes":""},"class_list":["post-16","page","type-page","status-publish","hentry"],"_links":{"self":[{"href":"http:\/\/www.megasilikon.com\/index.php?rest_route=\/wp\/v2\/pages\/16","targetHints":{"allow":["GET"]}}],"collection":[{"href":"http:\/\/www.megasilikon.com\/index.php?rest_route=\/wp\/v2\/pages"}],"about":[{"href":"http:\/\/www.megasilikon.com\/index.php?rest_route=\/wp\/v2\/types\/page"}],"author":[{"embeddable":true,"href":"http:\/\/www.megasilikon.com\/index.php?rest_route=\/wp\/v2\/users\/1"}],"replies":[{"embeddable":true,"href":"http:\/\/www.megasilikon.com\/index.php?rest_route=%2Fwp%2Fv2%2Fcomments&post=16"}],"version-history":[{"count":53,"href":"http:\/\/www.megasilikon.com\/index.php?rest_route=\/wp\/v2\/pages\/16\/revisions"}],"predecessor-version":[{"id":201,"href":"http:\/\/www.megasilikon.com\/index.php?rest_route=\/wp\/v2\/pages\/16\/revisions\/201"}],"wp:attachment":[{"href":"http:\/\/www.megasilikon.com\/index.php?rest_route=%2Fwp%2Fv2%2Fmedia&parent=16"}],"curies":[{"name":"wp","href":"https:\/\/api.w.org\/{rel}","templated":true}]}}